{"id":1201,"date":"2023-07-14T11:06:54","date_gmt":"2023-07-14T09:06:54","guid":{"rendered":"https:\/\/www.lubest.pl\/?page_id=1201"},"modified":"2025-01-20T22:04:37","modified_gmt":"2025-01-20T21:04:37","slug":"realizacje","status":"publish","type":"page","link":"https:\/\/www.lubest.pl\/?page_id=1201","title":{"rendered":"REALIZACJE"},"content":{"rendered":"\t\t<div data-elementor-type=\"wp-page\" data-elementor-id=\"1201\" class=\"elementor elementor-1201\">\n\t\t\t\t\t\t<section class=\"elementor-section elementor-top-section elementor-element elementor-element-7b50e678 elementor-section-boxed elementor-section-height-default elementor-section-height-default\" data-id=\"7b50e678\" data-element_type=\"section\">\n\t\t\t\t\t\t<div class=\"elementor-container elementor-column-gap-no\">\n\t\t\t\t\t<div class=\"elementor-column elementor-col-100 elementor-top-column elementor-element elementor-element-6b7a0361\" data-id=\"6b7a0361\" data-element_type=\"column\">\n\t\t\t<div class=\"elementor-widget-wrap elementor-element-populated\">\n\t\t\t\t\t\t<div class=\"elementor-element elementor-element-2e2e41b elementor-widget elementor-widget-heading\" data-id=\"2e2e41b\" data-element_type=\"widget\" data-widget_type=\"heading.default\">\n\t\t\t\t<div class=\"elementor-widget-container\">\n\t\t\t\t\t<h2 class=\"elementor-heading-title elementor-size-default\">Realizacje<\/h2>\t\t\t\t<\/div>\n\t\t\t\t<\/div>\n\t\t\t\t<div class=\"elementor-element elementor-element-63b6ba9e elementor-widget elementor-widget-text-editor\" data-id=\"63b6ba9e\" data-element_type=\"widget\" data-widget_type=\"text-editor.default\">\n\t\t\t\t<div class=\"elementor-widget-container\">\n\t\t\t\t\t\t\t\t\t<p>Dbamy o jako\u015b\u0107 naszych produkt\u00f3w.<\/p>\t\t\t\t\t\t\t\t<\/div>\n\t\t\t\t<\/div>\n\t\t\t\t<div class=\"elementor-element elementor-element-4e043250 elementor-aspect-ratio-11 elementor-skin-slideshow elementor-widget elementor-widget-media-carousel\" data-id=\"4e043250\" data-element_type=\"widget\" data-settings=\"{&quot;space_between&quot;:{&quot;unit&quot;:&quot;px&quot;,&quot;size&quot;:20,&quot;sizes&quot;:[]},&quot;skin&quot;:&quot;slideshow&quot;,&quot;effect&quot;:&quot;slide&quot;,&quot;speed&quot;:500,&quot;autoplay&quot;:&quot;yes&quot;,&quot;autoplay_speed&quot;:5000,&quot;loop&quot;:&quot;yes&quot;,&quot;pause_on_hover&quot;:&quot;yes&quot;,&quot;pause_on_interaction&quot;:&quot;yes&quot;,&quot;space_between_tablet&quot;:{&quot;unit&quot;:&quot;px&quot;,&quot;size&quot;:10,&quot;sizes&quot;:[]},&quot;space_between_mobile&quot;:{&quot;unit&quot;:&quot;px&quot;,&quot;size&quot;:10,&quot;sizes&quot;:[]}}\" data-widget_type=\"media-carousel.default\">\n\t\t\t\t<div class=\"elementor-widget-container\">\n\t\t\t\t\t\t\t<div class=\"elementor-swiper\">\n\t\t\t<div class=\"elementor-main-swiper swiper-container\">\n\t\t\t\t<div class=\"swiper-wrapper\">\n\t\t\t\t\t\t\t\t\t\t\t<div class=\"swiper-slide\">\n\t\t\t\t\t\t\t<a href=\"https:\/\/www.lubest.pl\/wp-content\/uploads\/2023\/06\/P1133633-scaled.jpg\" data-elementor-open-lightbox=\"yes\" data-elementor-lightbox-slideshow=\"4e043250\" data-elementor-lightbox-title=\"P1133633\" data-e-action-hash=\"#elementor-action%3Aaction%3Dlightbox%26settings%3DeyJpZCI6MTA3OCwidXJsIjoiaHR0cHM6XC9cL3d3dy5sdWJlc3QucGxcL3dwLWNvbnRlbnRcL3VwbG9hZHNcLzIwMjNcLzA2XC9QMTEzMzYzMy1zY2FsZWQuanBnIiwic2xpZGVzaG93IjoiNGUwNDMyNTAifQ%3D%3D\">\t\t<div class=\"elementor-carousel-image\" style=\"background-image: url(https:\/\/www.lubest.pl\/wp-content\/uploads\/2023\/06\/P1133633-scaled.jpg)\">\n\t\t\t\t\t<\/div>\n\t\t<\/a>\t\t\t\t\t\t<\/div>\n\t\t\t\t\t\t\t\t\t\t\t<div class=\"swiper-slide\">\n\t\t\t\t\t\t\t<a href=\"https:\/\/www.lubest.pl\/wp-content\/uploads\/2023\/06\/P1133650-scaled.jpg\" data-elementor-open-lightbox=\"yes\" data-elementor-lightbox-slideshow=\"4e043250\" data-elementor-lightbox-title=\"P1133650\" data-e-action-hash=\"#elementor-action%3Aaction%3Dlightbox%26settings%3DeyJpZCI6MTA4MSwidXJsIjoiaHR0cHM6XC9cL3d3dy5sdWJlc3QucGxcL3dwLWNvbnRlbnRcL3VwbG9hZHNcLzIwMjNcLzA2XC9QMTEzMzY1MC1zY2FsZWQuanBnIiwic2xpZGVzaG93IjoiNGUwNDMyNTAifQ%3D%3D\">\t\t<div class=\"elementor-carousel-image\" style=\"background-image: url(https:\/\/www.lubest.pl\/wp-content\/uploads\/2023\/06\/P1133650-scaled.jpg)\">\n\t\t\t\t\t<\/div>\n\t\t<\/a>\t\t\t\t\t\t<\/div>\n\t\t\t\t\t\t\t\t\t\t\t<div class=\"swiper-slide\">\n\t\t\t\t\t\t\t<a href=\"https:\/\/www.lubest.pl\/wp-content\/uploads\/2023\/06\/P1133630-scaled.jpg\" data-elementor-open-lightbox=\"yes\" data-elementor-lightbox-slideshow=\"4e043250\" data-elementor-lightbox-title=\"P1133630\" data-e-action-hash=\"#elementor-action%3Aaction%3Dlightbox%26settings%3DeyJpZCI6MTA3NywidXJsIjoiaHR0cHM6XC9cL3d3dy5sdWJlc3QucGxcL3dwLWNvbnRlbnRcL3VwbG9hZHNcLzIwMjNcLzA2XC9QMTEzMzYzMC1zY2FsZWQuanBnIiwic2xpZGVzaG93IjoiNGUwNDMyNTAifQ%3D%3D\">\t\t<div class=\"elementor-carousel-image\" style=\"background-image: url(https:\/\/www.lubest.pl\/wp-content\/uploads\/2023\/06\/P1133630-scaled.jpg)\">\n\t\t\t\t\t<\/div>\n\t\t<\/a>\t\t\t\t\t\t<\/div>\n\t\t\t\t\t\t\t\t\t\t\t<div class=\"swiper-slide\">\n\t\t\t\t\t\t\t<a href=\"https:\/\/www.lubest.pl\/wp-content\/uploads\/2023\/06\/P1133523-scaled.jpg\" data-elementor-open-lightbox=\"yes\" data-elementor-lightbox-slideshow=\"4e043250\" data-elementor-lightbox-title=\"P1133523\" data-e-action-hash=\"#elementor-action%3Aaction%3Dlightbox%26settings%3DeyJpZCI6MTA2NiwidXJsIjoiaHR0cHM6XC9cL3d3dy5sdWJlc3QucGxcL3dwLWNvbnRlbnRcL3VwbG9hZHNcLzIwMjNcLzA2XC9QMTEzMzUyMy1zY2FsZWQtZTE2ODkzMjg5MzYyMTYuanBnIiwic2xpZGVzaG93IjoiNGUwNDMyNTAifQ%3D%3D\">\t\t<div class=\"elementor-carousel-image\" style=\"background-image: url(https:\/\/www.lubest.pl\/wp-content\/uploads\/2023\/06\/P1133523-scaled-e1689328936216.jpg)\">\n\t\t\t\t\t<\/div>\n\t\t<\/a>\t\t\t\t\t\t<\/div>\n\t\t\t\t\t\t\t\t\t\t\t<div class=\"swiper-slide\">\n\t\t\t\t\t\t\t<a href=\"https:\/\/www.lubest.pl\/wp-content\/uploads\/2023\/06\/P1133470-scaled.jpg\" data-elementor-open-lightbox=\"yes\" data-elementor-lightbox-slideshow=\"4e043250\" data-elementor-lightbox-title=\"P1133470\" data-e-action-hash=\"#elementor-action%3Aaction%3Dlightbox%26settings%3DeyJpZCI6MTA2MSwidXJsIjoiaHR0cHM6XC9cL3d3dy5sdWJlc3QucGxcL3dwLWNvbnRlbnRcL3VwbG9hZHNcLzIwMjNcLzA2XC9QMTEzMzQ3MC1zY2FsZWQuanBnIiwic2xpZGVzaG93IjoiNGUwNDMyNTAifQ%3D%3D\">\t\t<div class=\"elementor-carousel-image\" style=\"background-image: url(https:\/\/www.lubest.pl\/wp-content\/uploads\/2023\/06\/P1133470-scaled.jpg)\">\n\t\t\t\t\t<\/div>\n\t\t<\/a>\t\t\t\t\t\t<\/div>\n\t\t\t\t\t\t\t\t\t<\/div>\n\t\t\t\t\t\t\t\t\t\t\t\t\t\t\t\t\t\t\t\t\t<\/div>\n\t\t<\/div>\n\t\t\t\t<div class=\"elementor-swiper\">\n\t\t\t<div class=\"elementor-thumbnails-swiper swiper-container\">\n\t\t\t\t<div class=\"swiper-wrapper\">\n\t\t\t\t\t\t\t\t\t\t\t<div class=\"swiper-slide\">\n\t\t\t\t\t\t\t\t\t<div class=\"elementor-fit-aspect-ratio elementor-carousel-image\" style=\"background-image: url(https:\/\/www.lubest.pl\/wp-content\/uploads\/2023\/06\/P1133633-scaled.jpg)\">\n\t\t\t\t\t<\/div>\n\t\t<\/a>\t\t\t\t\t\t<\/div>\n\t\t\t\t\t\t\t\t\t\t\t<div class=\"swiper-slide\">\n\t\t\t\t\t\t\t\t\t<div class=\"elementor-fit-aspect-ratio elementor-carousel-image\" style=\"background-image: url(https:\/\/www.lubest.pl\/wp-content\/uploads\/2023\/06\/P1133650-scaled.jpg)\">\n\t\t\t\t\t<\/div>\n\t\t<\/a>\t\t\t\t\t\t<\/div>\n\t\t\t\t\t\t\t\t\t\t\t<div class=\"swiper-slide\">\n\t\t\t\t\t\t\t\t\t<div class=\"elementor-fit-aspect-ratio elementor-carousel-image\" style=\"background-image: url(https:\/\/www.lubest.pl\/wp-content\/uploads\/2023\/06\/P1133630-scaled.jpg)\">\n\t\t\t\t\t<\/div>\n\t\t<\/a>\t\t\t\t\t\t<\/div>\n\t\t\t\t\t\t\t\t\t\t\t<div class=\"swiper-slide\">\n\t\t\t\t\t\t\t\t\t<div class=\"elementor-fit-aspect-ratio elementor-carousel-image\" style=\"background-image: url(https:\/\/www.lubest.pl\/wp-content\/uploads\/2023\/06\/P1133523-scaled-e1689328936216.jpg)\">\n\t\t\t\t\t<\/div>\n\t\t<\/a>\t\t\t\t\t\t<\/div>\n\t\t\t\t\t\t\t\t\t\t\t<div class=\"swiper-slide\">\n\t\t\t\t\t\t\t\t\t<div class=\"elementor-fit-aspect-ratio elementor-carousel-image\" style=\"background-image: url(https:\/\/www.lubest.pl\/wp-content\/uploads\/2023\/06\/P1133470-scaled.jpg)\">\n\t\t\t\t\t<\/div>\n\t\t<\/a>\t\t\t\t\t\t<\/div>\n\t\t\t\t\t\t\t\t\t<\/div>\n\t\t\t\t\t\t\t\t\t\t\t\t\t\t\t\t\t\t\t\t\t<\/div>\n\t\t<\/div>\n\t\t\t\t\t\t<\/div>\n\t\t\t\t<\/div>\n\t\t\t\t\t<\/div>\n\t\t<\/div>\n\t\t\t\t\t<\/div>\n\t\t<\/section>\n\t\t\t\t<\/div>\n\t\t","protected":false},"excerpt":{"rendered":"<p>Realizacje Dbamy o jako\u015b\u0107 naszych produkt\u00f3w.<\/p>\n","protected":false},"author":3,"featured_media":0,"parent":0,"menu_order":0,"comment_status":"closed","ping_status":"closed","template":"","meta":{"footnotes":""},"class_list":["post-1201","page","type-page","status-publish","hentry"],"_links":{"self":[{"href":"https:\/\/www.lubest.pl\/index.php?rest_route=\/wp\/v2\/pages\/1201","targetHints":{"allow":["GET"]}}],"collection":[{"href":"https:\/\/www.lubest.pl\/index.php?rest_route=\/wp\/v2\/pages"}],"about":[{"href":"https:\/\/www.lubest.pl\/index.php?rest_route=\/wp\/v2\/types\/page"}],"author":[{"embeddable":true,"href":"https:\/\/www.lubest.pl\/index.php?rest_route=\/wp\/v2\/users\/3"}],"replies":[{"embeddable":true,"href":"https:\/\/www.lubest.pl\/index.php?rest_route=%2Fwp%2Fv2%2Fcomments&post=1201"}],"version-history":[{"count":13,"href":"https:\/\/www.lubest.pl\/index.php?rest_route=\/wp\/v2\/pages\/1201\/revisions"}],"predecessor-version":[{"id":1480,"href":"https:\/\/www.lubest.pl\/index.php?rest_route=\/wp\/v2\/pages\/1201\/revisions\/1480"}],"wp:attachment":[{"href":"https:\/\/www.lubest.pl\/index.php?rest_route=%2Fwp%2Fv2%2Fmedia&parent=1201"}],"curies":[{"name":"wp","href":"https:\/\/api.w.org\/{rel}","templated":true}]}}